{"id":84,"date":"2024-11-23T10:28:11","date_gmt":"2024-11-23T09:28:11","guid":{"rendered":"https:\/\/www.endometriosis.sk\/?page_id=84"},"modified":"2024-11-23T20:43:39","modified_gmt":"2024-11-23T19:43:39","slug":"home","status":"publish","type":"page","link":"https:\/\/www.endometriosis.sk\/","title":{"rendered":"Home"},"content":{"rendered":"<p>[et_pb_section fb_built=&#8220;1&#8243; _builder_version=&#8220;4.27.3&#8243; _module_preset=&#8220;default&#8220; custom_padding=&#8220;2px|||||&#8220; hover_enabled=&#8220;0&#8243; global_colors_info=&#8220;{}&#8220; animation_style=&#8220;zoom&#8220; sticky_enabled=&#8220;0&#8243;][et_pb_row column_structure=&#8220;1_5,3_5,1_5&#8243; _builder_version=&#8220;4.27.3&#8243; _module_preset=&#8220;default&#8220; global_colors_info=&#8220;{}&#8220;][et_pb_column type=&#8220;1_5&#8243; _builder_version=&#8220;4.27.3&#8243; _module_preset=&#8220;default&#8220; global_colors_info=&#8220;{}&#8220;][\/et_pb_column][et_pb_column type=&#8220;3_5&#8243; _builder_version=&#8220;4.27.3&#8243; _module_preset=&#8220;default&#8220; global_colors_info=&#8220;{}&#8220;][et_pb_text _builder_version=&#8220;4.27.3&#8243; _module_preset=&#8220;default&#8220; header_text_align=&#8220;center&#8220; global_colors_info=&#8220;{}&#8220;]<\/p>\n<h1><strong>Upozornenie pre vstup do sekcie pre odborn\u00fa verejnos\u0165.<\/strong><\/h1>\n<p>[\/et_pb_text][et_pb_text _builder_version=&#8220;4.27.3&#8243; _module_preset=&#8220;default&#8220; text_font=&#8220;&#8211;et_global_body_font|600|||||||&#8220; text_font_size=&#8220;15px&#8220; global_colors_info=&#8220;{}&#8220;]<\/p>\n<p>Niektor\u00e9 inform\u00e1cie s\u00fa pod\u013ea z\u00e1kona dostupn\u00e9 len odbornej verejnosti. Stla\u010den\u00edm tla\u010didla<span>\u00a0<\/span><strong>\u201e\u00c1NO SOM ODBORN\u00c1 VEREJNOS\u0164\u201c<\/strong><span>\u00a0<\/span>vyslovene vyhlasujem a potvrdzujem, \u017ee som osobou opr\u00e1vnenou predpisova\u0165 lieky alebo osobou opr\u00e1vnenou vyd\u00e1vat\u2018 lieky.<\/p>\n<p>V pr\u00edpade, \u017ee nepatr\u00edte medzi osoby opr\u00e1vnen\u00e9 predpisovat\u2018 lieky alebo osoby opr\u00e1vnen\u00e9 vyd\u00e1vat\u2018 lieky, opustite pros\u00edm t\u00fato str\u00e1nku stla\u010den\u00edm tla\u010didla<span>\u00a0<\/span><strong>\u201eNIE SOM ODBORN\u00c1 VEREJNOS\u0164\u201c<\/strong>.<\/p>\n<p>Inform\u00e1cie uveden\u00e9 na str\u00e1nke endometriosis.sk \u010das\u0165 pre odborn\u00fa verejnos\u0165 s\u00fa v zmysle z\u00e1kona \u010d. 147\/2001 Z. z. o reklame a o zmene a doplnen\u00ed niektor\u00fdch z\u00e1konov v znen\u00ed neskor\u0161\u00edch predpisov ur\u010den\u00e9 v\u00fdlu\u010dne osob\u00e1m opr\u00e1vnen\u00fdm predpisova\u0165 alebo vyd\u00e1va\u0165 lieky.<\/p>\n<p>[\/et_pb_text][\/et_pb_column][et_pb_column type=&#8220;1_5&#8243; _builder_version=&#8220;4.27.3&#8243; _module_preset=&#8220;default&#8220; global_colors_info=&#8220;{}&#8220;][\/et_pb_column][\/et_pb_row][et_pb_row column_structure=&#8220;1_2,1_2&#8243; use_custom_gutter=&#8220;on&#8220; gutter_width=&#8220;2&#8243; disabled_on=&#8220;on|on|off&#8220; _builder_version=&#8220;4.27.3&#8243; _module_preset=&#8220;default&#8220; global_colors_info=&#8220;{}&#8220;][et_pb_column type=&#8220;1_2&#8243; _builder_version=&#8220;4.27.3&#8243; _module_preset=&#8220;default&#8220; global_colors_info=&#8220;{}&#8220;][et_pb_button button_url=&#8220;https:\/\/endometriosis.sk\/verejnost&#8220; button_text=&#8220;Nie som odborn\u00e1 verejnos\u0165&#8220; button_alignment=&#8220;right&#8220; _builder_version=&#8220;4.27.3&#8243; _module_preset=&#8220;default&#8220; custom_button=&#8220;on&#8220; button_text_color=&#8220;#000000&#8243; button_border_radius=&#8220;10px&#8220; button_font=&#8220;&#8211;et_global_heading_font|600|||||||&#8220; custom_padding=&#8220;2px|||||&#8220; global_colors_info=&#8220;{}&#8220;][\/et_pb_button][\/et_pb_column][et_pb_column type=&#8220;1_2&#8243; _builder_version=&#8220;4.27.3&#8243; _module_preset=&#8220;default&#8220; global_colors_info=&#8220;{}&#8220;][et_pb_button button_url=&#8220;https:\/\/zdravotnici.endometriosis.sk\/&#8220; button_text=&#8220;\u00c1no, som odborn\u00e1 verejnos\u0165&#8220; button_alignment=&#8220;left&#8220; _builder_version=&#8220;4.27.3&#8243; _module_preset=&#8220;default&#8220; custom_button=&#8220;on&#8220; button_text_color=&#8220;#000000&#8243; button_border_radius=&#8220;10px&#8220; button_font=&#8220;&#8211;et_global_heading_font|600|||||||&#8220; custom_padding=&#8220;2px|||||&#8220; global_colors_info=&#8220;{}&#8220;][\/et_pb_button][\/et_pb_column][\/et_pb_row][et_pb_row use_custom_gutter=&#8220;on&#8220; gutter_width=&#8220;2&#8243; disabled_on=&#8220;off|off|on&#8220; _builder_version=&#8220;4.27.3&#8243; _module_preset=&#8220;default&#8220; custom_padding=&#8220;6px|||||&#8220; global_colors_info=&#8220;{}&#8220;][et_pb_column type=&#8220;4_4&#8243; _builder_version=&#8220;4.27.3&#8243; _module_preset=&#8220;default&#8220; global_colors_info=&#8220;{}&#8220;][et_pb_button button_url=&#8220;https:\/\/endometriosis.sk\/verejnost&#8220; button_text=&#8220;Nie som odborn\u00e1 verejnos\u0165&#8220; button_alignment=&#8220;left&#8220; _builder_version=&#8220;4.27.3&#8243; _module_preset=&#8220;default&#8220; custom_button=&#8220;on&#8220; button_text_size=&#8220;19px&#8220; button_text_color=&#8220;#000000&#8243; button_border_radius=&#8220;10px&#8220; button_font=&#8220;&#8211;et_global_heading_font|600|||||||&#8220; custom_margin=&#8220;0px||||false|false&#8220; custom_padding=&#8220;7px||7px||false|false&#8220; global_colors_info=&#8220;{}&#8220;][\/et_pb_button][et_pb_button button_url=&#8220;https:\/\/zdravotnici.endometriosis.sk\/&#8220; button_text=&#8220;\u00c1no, som odborn\u00e1 verejnos\u0165&#8220; button_alignment=&#8220;left&#8220; _builder_version=&#8220;4.27.3&#8243; _module_preset=&#8220;default&#8220; custom_button=&#8220;on&#8220; button_text_size=&#8220;19px&#8220; button_text_color=&#8220;#000000&#8243; button_border_radius=&#8220;10px&#8220; button_font=&#8220;&#8211;et_global_heading_font|600|||||||&#8220; custom_padding=&#8220;7px||7px||false|false&#8220; global_colors_info=&#8220;{}&#8220;][\/et_pb_button][\/et_pb_column][\/et_pb_row][\/et_pb_section]<\/p>\n","protected":false},"excerpt":{"rendered":"<p>Upozornenie pre vstup do sekcie pre odborn\u00fa verejnos\u0165.Niektor\u00e9 inform\u00e1cie s\u00fa pod\u013ea z\u00e1kona dostupn\u00e9 len odbornej verejnosti. Stla\u010den\u00edm tla\u010didla\u00a0\u201e\u00c1NO SOM ODBORN\u00c1 VEREJNOS\u0164\u201c\u00a0vyslovene vyhlasujem a potvrdzujem, \u017ee som osobou opr\u00e1vnenou predpisova\u0165 lieky alebo osobou opr\u00e1vnenou vyd\u00e1vat\u2018 lieky. V pr\u00edpade, \u017ee nepatr\u00edte medzi osoby opr\u00e1vnen\u00e9 predpisovat\u2018 lieky alebo osoby opr\u00e1vnen\u00e9 vyd\u00e1vat\u2018 lieky, opustite pros\u00edm t\u00fato str\u00e1nku stla\u010den\u00edm tla\u010didla\u00a0\u201eNIE [&hellip;]<\/p>\n","protected":false},"author":1,"featured_media":0,"parent":0,"menu_order":0,"comment_status":"closed","ping_status":"closed","template":"","meta":{"_et_pb_use_builder":"on","_et_pb_old_content":"","_et_gb_content_width":"","footnotes":""},"class_list":["post-84","page","type-page","status-publish","hentry"],"_links":{"self":[{"href":"https:\/\/www.endometriosis.sk\/index.php\/wp-json\/wp\/v2\/pages\/84","targetHints":{"allow":["GET"]}}],"collection":[{"href":"https:\/\/www.endometriosis.sk\/index.php\/wp-json\/wp\/v2\/pages"}],"about":[{"href":"https:\/\/www.endometriosis.sk\/index.php\/wp-json\/wp\/v2\/types\/page"}],"author":[{"embeddable":true,"href":"https:\/\/www.endometriosis.sk\/index.php\/wp-json\/wp\/v2\/users\/1"}],"replies":[{"embeddable":true,"href":"https:\/\/www.endometriosis.sk\/index.php\/wp-json\/wp\/v2\/comments?post=84"}],"version-history":[{"count":7,"href":"https:\/\/www.endometriosis.sk\/index.php\/wp-json\/wp\/v2\/pages\/84\/revisions"}],"predecessor-version":[{"id":106,"href":"https:\/\/www.endometriosis.sk\/index.php\/wp-json\/wp\/v2\/pages\/84\/revisions\/106"}],"wp:attachment":[{"href":"https:\/\/www.endometriosis.sk\/index.php\/wp-json\/wp\/v2\/media?parent=84"}],"curies":[{"name":"wp","href":"https:\/\/api.w.org\/{rel}","templated":true}]}}