{"id":11,"date":"2024-11-22T09:39:39","date_gmt":"2024-11-22T08:39:39","guid":{"rendered":"https:\/\/www.endometriosis.sk\/?page_id=11"},"modified":"2024-11-23T10:31:19","modified_gmt":"2024-11-23T09:31:19","slug":"upozornenie-pre-vstup-do-sekcie-pre-odbornu-verejnost","status":"publish","type":"page","link":"https:\/\/www.endometriosis.sk\/index.php\/upozornenie-pre-vstup-do-sekcie-pre-odbornu-verejnost\/","title":{"rendered":"Upozornenie pre vstup do sekcie pre odborn\u00fa verejnos\u0165."},"content":{"rendered":"<h1 style=\"text-align: center;\"><strong>Upozornenie pre vstup do sekcie pre odborn\u00fa verejnos\u0165.<\/strong><\/h1>\r\n\r\n<p>Niektor\u00e9 inform\u00e1cie s\u00fa pod\u013ea z\u00e1kona dostupn\u00e9 len odbornej verejnosti. Stla\u010den\u00edm tla\u010didla <strong>&#8222;\u00c1NO SOM ODBORN\u00c1 VEREJNOS\u0164&#8220;<\/strong> vyslovene vyhlasujem a potvrdzujem, \u017ee som osobou opr\u00e1vnenou predpisova\u0165 lieky alebo osobou opr\u00e1vnenou vyd\u00e1vat&#8216; lieky.<\/p>\r\n\r\n\r\n\r\n<p>V pr\u00edpade, \u017ee nepatr\u00edte medzi osoby opr\u00e1vnen\u00e9 predpisovat&#8216; lieky alebo osoby opr\u00e1vnen\u00e9 vyd\u00e1vat&#8216; lieky, opustite pros\u00edm t\u00fato str\u00e1nku stla\u010den\u00edm tla\u010didla <strong>\u201eNIE SOM ODBORN\u00c1 VEREJNOS\u0164\u201c<\/strong>.<\/p>\r\n\r\n\r\n\r\n<p>Inform\u00e1cie uveden\u00e9 na str\u00e1nke endometriosis.sk \u010das\u0165 pre odborn\u00fa verejnos\u0165 s\u00fa v zmysle z\u00e1kona \u010d. 147\/2001 Z. z. o reklame a o zmene a doplnen\u00ed niektor\u00fdch z\u00e1konov v znen\u00ed neskor\u0161\u00edch predpisov ur\u010den\u00e9 v\u00fdlu\u010dne osob\u00e1m opr\u00e1vnen\u00fdm predpisova\u0165 alebo vyd\u00e1va\u0165 lieky.<\/p>\r\n\r\n\r\n\r\n\r\n\r\n\r\n\r\n\r\n\r\n\r\n\r\n\r\n\r\n<p class=\"is-layout-flex wp-block-buttons-is-layout-flex is-layout-flow wp-block-column-is-layout-flow wp-container-core-columns-is-layout-9d6595d7 wp-block-columns-is-layout-flex\"><a href=\"http:\/\/public.endometriosis.sk\"><strong>Nie som odborn\u00e1 verejnos\u0165<\/strong><\/a><\/p>\r\n\r\n\r\n\r\n\r\n\r\n\r\n\r\n<p class=\"is-layout-flex wp-block-buttons-is-layout-flex is-layout-flow wp-block-column-is-layout-flow\"><a href=\"http:\/\/zdravotnici.endometriosis.sk\"><strong>\u00c1no, som odborn\u00e1 verejnos\u0165<\/strong><\/a><\/p>\r\n\r\n\r\n\r\n<p>&nbsp;<\/p>\r\n","protected":false},"excerpt":{"rendered":"<p>Upozornenie pre vstup do sekcie pre odborn\u00fa verejnos\u0165. Niektor\u00e9 inform\u00e1cie s\u00fa pod\u013ea z\u00e1kona dostupn\u00e9 len odbornej verejnosti. Stla\u010den\u00edm tla\u010didla &#8222;\u00c1NO SOM ODBORN\u00c1 VEREJNOS\u0164&#8220; vyslovene vyhlasujem a potvrdzujem, \u017ee som osobou opr\u00e1vnenou predpisova\u0165 lieky alebo osobou opr\u00e1vnenou vyd\u00e1vat&#8216; lieky. V pr\u00edpade, \u017ee nepatr\u00edte medzi osoby opr\u00e1vnen\u00e9 predpisovat&#8216; lieky alebo osoby opr\u00e1vnen\u00e9 vyd\u00e1vat&#8216; lieky, opustite pros\u00edm t\u00fato [&hellip;]<\/p>\n","protected":false},"author":1,"featured_media":0,"parent":0,"menu_order":0,"comment_status":"closed","ping_status":"closed","template":"","meta":{"_et_pb_use_builder":"","_et_pb_old_content":"","_et_gb_content_width":"","footnotes":""},"class_list":["post-11","page","type-page","status-publish","hentry"],"_links":{"self":[{"href":"https:\/\/www.endometriosis.sk\/index.php\/wp-json\/wp\/v2\/pages\/11","targetHints":{"allow":["GET"]}}],"collection":[{"href":"https:\/\/www.endometriosis.sk\/index.php\/wp-json\/wp\/v2\/pages"}],"about":[{"href":"https:\/\/www.endometriosis.sk\/index.php\/wp-json\/wp\/v2\/types\/page"}],"author":[{"embeddable":true,"href":"https:\/\/www.endometriosis.sk\/index.php\/wp-json\/wp\/v2\/users\/1"}],"replies":[{"embeddable":true,"href":"https:\/\/www.endometriosis.sk\/index.php\/wp-json\/wp\/v2\/comments?post=11"}],"version-history":[{"count":26,"href":"https:\/\/www.endometriosis.sk\/index.php\/wp-json\/wp\/v2\/pages\/11\/revisions"}],"predecessor-version":[{"id":94,"href":"https:\/\/www.endometriosis.sk\/index.php\/wp-json\/wp\/v2\/pages\/11\/revisions\/94"}],"wp:attachment":[{"href":"https:\/\/www.endometriosis.sk\/index.php\/wp-json\/wp\/v2\/media?parent=11"}],"curies":[{"name":"wp","href":"https:\/\/api.w.org\/{rel}","templated":true}]}}